{"id":608,"date":"2024-08-04T14:23:56","date_gmt":"2024-08-04T14:23:56","guid":{"rendered":"https:\/\/ecclesia.redconic.com\/contact-us\/"},"modified":"2025-11-03T16:38:05","modified_gmt":"2025-11-03T16:38:05","slug":"contactanos","status":"publish","type":"page","link":"https:\/\/ecclesia.com.co\/es\/contactanos\/","title":{"rendered":"Cont\u00e1ctanos"},"content":{"rendered":"<p>[et_pb_section fb_built=\u00bb1&#8243; _builder_version=\u00bb4.27.3&#8243; _module_preset=\u00bb3cbc210e-5dc9-4650-8a05-2d644b3848b9&#8243; background_image=\u00bbhttps:\/\/ecclesia.com.co\/wp-content\/uploads\/2024\/08\/Light-Background.jpg\u00bb locked=\u00bboff\u00bb global_colors_info=\u00bb{}\u00bb][et_pb_row use_custom_gutter=\u00bbon\u00bb make_equal=\u00bbon\u00bb module_class=\u00bbsaas-38-inlbtn-sc\u00bb _builder_version=\u00bb4.27.0&#8243; _module_preset=\u00bbdefault\u00bb custom_css_main_element=\u00bbtext-align:center;\u00bb global_colors_info=\u00bb{}\u00bb][et_pb_column type=\u00bb4_4&#8243; _builder_version=\u00bb4.23.4&#8243; _module_preset=\u00bbdefault\u00bb global_colors_info=\u00bb{}\u00bb][et_pb_text _builder_version=\u00bb4.27.3&#8243; _module_preset=\u00bbdefault\u00bb header_font=\u00bb|700|||||||\u00bb header_text_align=\u00bbcenter\u00bb header_text_color=\u00bb#FFFFFF\u00bb header_font_size=\u00bb50px\u00bb header_line_height=\u00bb1.1em\u00bb custom_margin=\u00bb0px||10px||false|false\u00bb custom_padding=\u00bb0px||0px||false|false\u00bb animation_style=\u00bbfade\u00bb animation_speed_curve=\u00bbease\u00bb header_font_size_tablet=\u00bb52px\u00bb header_font_size_phone=\u00bb37px\u00bb header_font_size_last_edited=\u00bbon|tablet\u00bb locked=\u00bboff\u00bb global_colors_info=\u00bb{}\u00bb]<\/p>\n<h1>Informaci\u00f3n de contacto<\/h1>\n<p>[\/et_pb_text][\/et_pb_column][\/et_pb_row][\/et_pb_section][et_pb_section fb_built=\u00bb1&#8243; admin_label=\u00bbContact Info &#038; Form\u00bb _builder_version=\u00bb4.27.0&#8243; _module_preset=\u00bbdefault\u00bb custom_padding=\u00bb0px|||||\u00bb collapsed=\u00bboff\u00bb global_colors_info=\u00bb{}\u00bb][et_pb_row column_structure=\u00bb1_2,1_2&#8243; use_custom_gutter=\u00bbon\u00bb make_equal=\u00bbon\u00bb _builder_version=\u00bb4.27.4&#8243; _module_preset=\u00bbdefault\u00bb global_colors_info=\u00bb{}\u00bb][et_pb_column type=\u00bb1_2&#8243; module_id=\u00bbform\u00bb _builder_version=\u00bb4.27.4&#8243; _module_preset=\u00bb6a309657-f58d-4ed9-bea2-22f179bfa826&#8243; custom_padding=\u00bb0px|0px|0px|0px|false|false\u00bb border_radii=\u00bbon|40px|40px|40px|40px\u00bb global_colors_info=\u00bb{}\u00bb][et_pb_code _builder_version=\u00bb4.27.4&#8243; _module_preset=\u00bbdefault\u00bb height=\u00bb396px\u00bb custom_padding=\u00bb||0px|||\u00bb hover_enabled=\u00bb0&#8243; box_shadow_style=\u00bbpreset1&#8243; global_colors_info=\u00bb{}\u00bb sticky_enabled=\u00bb0&#8243;]<iframe<!-- [et_pb_line_break_holder] -->        src=\u00bbhttps:\/\/dev.ecclesia.com.co\/onboarding?theme=light\u00bb<!-- [et_pb_line_break_holder] -->        width=800<!-- [et_pb_line_break_holder] -->        height=580<!-- [et_pb_line_break_holder] -->        ><\/iframe>[\/et_pb_code][\/et_pb_column][et_pb_column type=\u00bb1_2&#8243; _builder_version=\u00bb4.27.2&#8243; _module_preset=\u00bbdefault\u00bb global_colors_info=\u00bb{}\u00bb][et_pb_blurb title=\u00bbWhatsApp\u00bb url=\u00bbhttps:\/\/wa.me\/+573133723863&#8243; url_new_window=\u00bbon\u00bb use_icon=\u00bbon\u00bb font_icon=\u00bb&#xf232;||fa||400&#8243; icon_color=\u00bb#FFFFFF\u00bb image_icon_background_color=\u00bb#6F0072&#8243; icon_placement=\u00bbleft\u00bb image_icon_width=\u00bb20px\u00bb content_max_width=\u00bb100%\u00bb module_id=\u00bbecclesia_button_whatsapp_contact_us_es\u00bb module_class=\u00bbwhatsapp_button\u00bb _builder_version=\u00bb4.27.4&#8243; _module_preset=\u00bb_initial\u00bb header_font=\u00bb|600|||||||\u00bb header_text_color=\u00bb#6F0072&#8243; header_font_size=\u00bb20px\u00bb header_line_height=\u00bb1.4em\u00bb body_font=\u00bb||||||||\u00bb body_font_size=\u00bb16px\u00bb body_line_height=\u00bb1.8em\u00bb body_link_text_color=\u00bb#666666&#8243; image_icon_custom_padding=\u00bb7px|7px|7px|7px|false|false\u00bb animation=\u00bboff\u00bb link_option_url=\u00bbhttps:\/\/wa.me\/+573133723863&#8243; link_option_url_new_window=\u00bbon\u00bb header_font_size_tablet=\u00bb18px\u00bb header_font_size_phone=\u00bb16px\u00bb header_font_size_last_edited=\u00bbon|phone\u00bb body_font_size_tablet=\u00bb15px\u00bb body_font_size_phone=\u00bb14px\u00bb body_font_size_last_edited=\u00bbon|desktop\u00bb border_radii_image=\u00bbon|50px|50px|50px|50px\u00bb global_colors_info=\u00bb{}\u00bb icon_color__hover_enabled=\u00bbon|hover\u00bb icon_color__hover=\u00bb#000000&#8243; image_icon_background_color__hover_enabled=\u00bbon|desktop\u00bb image_icon_background_color__hover=\u00bb#EDE300&#8243;]<\/p>\n<p><a href=\"https:\/\/wa.me\/+573133723863\">+57 313 372 3863<\/a><\/p>\n<p>[\/et_pb_blurb][et_pb_blurb title=\u00bbTel\u00e9fono\u00bb use_icon=\u00bbon\u00bb font_icon=\u00bb&#xf879;||fa||900&#8243; icon_color=\u00bb#FFFFFF\u00bb image_icon_background_color=\u00bb#6F0072&#8243; icon_placement=\u00bbleft\u00bb image_icon_width=\u00bb20px\u00bb content_max_width=\u00bb100%\u00bb _builder_version=\u00bb4.27.0&#8243; _module_preset=\u00bb_initial\u00bb header_font=\u00bb|600|||||||\u00bb header_text_color=\u00bb#6F0072&#8243; header_font_size=\u00bb20px\u00bb header_line_height=\u00bb1.4em\u00bb body_font=\u00bb||||||||\u00bb body_font_size=\u00bb16px\u00bb body_line_height=\u00bb1.8em\u00bb body_link_text_color=\u00bb#666666&#8243; image_icon_custom_padding=\u00bb7px|7px|7px|7px|false|false\u00bb animation=\u00bboff\u00bb link_option_url=\u00bbtel:+573133723863&#8243; header_font_size_tablet=\u00bb18px\u00bb header_font_size_phone=\u00bb16px\u00bb header_font_size_last_edited=\u00bbon|phone\u00bb body_font_size_tablet=\u00bb15px\u00bb body_font_size_phone=\u00bb14px\u00bb body_font_size_last_edited=\u00bbon|desktop\u00bb border_radii_image=\u00bbon|50px|50px|50px|50px\u00bb global_colors_info=\u00bb{}\u00bb icon_color__hover_enabled=\u00bbon|hover\u00bb icon_color__hover=\u00bb#000000&#8243; image_icon_background_color__hover_enabled=\u00bbon|desktop\u00bb image_icon_background_color__hover=\u00bb#EDE300&#8243;]<\/p>\n<p>+57 313 372 3863<\/p>\n<p>[\/et_pb_blurb][et_pb_blurb title=\u00bbCorreo Electr\u00f3nico\u00bb use_icon=\u00bbon\u00bb font_icon=\u00bb&#xf0e0;||fa||400&#8243; icon_color=\u00bb#FFFFFF\u00bb image_icon_background_color=\u00bb#6F0072&#8243; icon_placement=\u00bbleft\u00bb image_icon_width=\u00bb20px\u00bb content_max_width=\u00bb100%\u00bb _builder_version=\u00bb4.27.3&#8243; _module_preset=\u00bb_initial\u00bb header_font=\u00bb|600|||||||\u00bb header_text_color=\u00bb#6F0072&#8243; header_font_size=\u00bb20px\u00bb header_line_height=\u00bb1.4em\u00bb body_font=\u00bb||||||||\u00bb body_font_size=\u00bb16px\u00bb body_line_height=\u00bb1.8em\u00bb body_link_text_color=\u00bb#666666&#8243; image_icon_custom_padding=\u00bb7px|7px|7px|7px|false|false\u00bb animation=\u00bboff\u00bb link_option_url=\u00bbmailto:contact@ecclesia.com.co\u00bb header_font_size_tablet=\u00bb18px\u00bb header_font_size_phone=\u00bb16px\u00bb header_font_size_last_edited=\u00bbon|phone\u00bb body_font_size_tablet=\u00bb15px\u00bb body_font_size_phone=\u00bb14px\u00bb body_font_size_last_edited=\u00bbon|desktop\u00bb border_radii_image=\u00bbon|50px|50px|50px|50px\u00bb global_colors_info=\u00bb{}\u00bb icon_color__hover=\u00bb#000000&#8243; icon_color__hover_enabled=\u00bbon|hover\u00bb image_icon_background_color__hover=\u00bb#EDE300&#8243; image_icon_background_color__hover_enabled=\u00bbon|desktop\u00bb]<\/p>\n<p>contact@ecclesia.com.co<\/p>\n<p>[\/et_pb_blurb][et_pb_blurb title=\u00bbEmpresa\u00bb use_icon=\u00bbon\u00bb font_icon=\u00bb&#xe0ef;||divi||400&#8243; icon_color=\u00bb#FFFFFF\u00bb image_icon_background_color=\u00bb#6F0072&#8243; icon_placement=\u00bbleft\u00bb image_icon_width=\u00bb20px\u00bb content_max_width=\u00bb100%\u00bb _builder_version=\u00bb4.27.3&#8243; _module_preset=\u00bb_initial\u00bb header_font=\u00bb|600|||||||\u00bb header_text_color=\u00bb#6F0072&#8243; header_font_size=\u00bb20px\u00bb header_line_height=\u00bb1.4em\u00bb body_font=\u00bb||||||||\u00bb body_font_size=\u00bb16px\u00bb body_line_height=\u00bb1.8em\u00bb body_link_text_color=\u00bb#666666&#8243; image_icon_custom_padding=\u00bb7px|7px|7px|7px|false|false\u00bb animation=\u00bboff\u00bb link_option_url=\u00bbmailto:contact@ecclesia.com.co\u00bb header_font_size_tablet=\u00bb18px\u00bb header_font_size_phone=\u00bb16px\u00bb header_font_size_last_edited=\u00bbon|phone\u00bb body_font_size_tablet=\u00bb15px\u00bb body_font_size_phone=\u00bb14px\u00bb body_font_size_last_edited=\u00bbon|desktop\u00bb border_radii_image=\u00bbon|50px|50px|50px|50px\u00bb locked=\u00bboff\u00bb global_colors_info=\u00bb{}\u00bb icon_color__hover=\u00bb#000000&#8243; icon_color__hover_enabled=\u00bbon|hover\u00bb image_icon_background_color__hover=\u00bb#EDE300&#8243; image_icon_background_color__hover_enabled=\u00bbon|desktop\u00bb]Ecclesia Gobernanza Digital S.A.S.<br \/>\nNIT: 901851386<br \/>\nC\u00e1mara de Comercio: 3840826<br \/>\nBogot\u00e1 D.C., Colombia.[\/et_pb_blurb][\/et_pb_column][\/et_pb_row][\/et_pb_section]<\/p>\n","protected":false},"excerpt":{"rendered":"<p>Informaci\u00f3n de contacto+57 313 372 3863+57 313 372 3863contact@ecclesia.com.coEcclesia Gobernanza Digital S.A.S. NIT: 901851386 C\u00e1mara de Comercio: 3840826 Bogot\u00e1 D.C., Colombia.<\/p>\n","protected":false},"author":1,"featured_media":0,"parent":0,"menu_order":0,"comment_status":"closed","ping_status":"closed","template":"","meta":{"_et_pb_use_builder":"on","_et_pb_old_content":"","_et_gb_content_width":"","footnotes":""},"class_list":["post-608","page","type-page","status-publish","hentry"],"_links":{"self":[{"href":"https:\/\/ecclesia.com.co\/es\/wp-json\/wp\/v2\/pages\/608","targetHints":{"allow":["GET"]}}],"collection":[{"href":"https:\/\/ecclesia.com.co\/es\/wp-json\/wp\/v2\/pages"}],"about":[{"href":"https:\/\/ecclesia.com.co\/es\/wp-json\/wp\/v2\/types\/page"}],"author":[{"embeddable":true,"href":"https:\/\/ecclesia.com.co\/es\/wp-json\/wp\/v2\/users\/1"}],"replies":[{"embeddable":true,"href":"https:\/\/ecclesia.com.co\/es\/wp-json\/wp\/v2\/comments?post=608"}],"version-history":[{"count":53,"href":"https:\/\/ecclesia.com.co\/es\/wp-json\/wp\/v2\/pages\/608\/revisions"}],"predecessor-version":[{"id":6771,"href":"https:\/\/ecclesia.com.co\/es\/wp-json\/wp\/v2\/pages\/608\/revisions\/6771"}],"wp:attachment":[{"href":"https:\/\/ecclesia.com.co\/es\/wp-json\/wp\/v2\/media?parent=608"}],"curies":[{"name":"wp","href":"https:\/\/api.w.org\/{rel}","templated":true}]}}